{"id":2819,"date":"2025-08-17T14:30:19","date_gmt":"2025-08-17T14:30:19","guid":{"rendered":"https:\/\/pveurosolution.com\/?page_id=2819"},"modified":"2025-08-17T14:31:19","modified_gmt":"2025-08-17T14:31:19","slug":"privacy-policy","status":"publish","type":"page","link":"https:\/\/pveurosolution.com\/eng\/privacy-policy\/","title":{"rendered":"Privacy Policy"},"content":{"rendered":"<div data-elementor-type=\"wp-page\" data-elementor-id=\"2819\" class=\"elementor elementor-2819\" data-elementor-post-type=\"page\">\n\t\t\t\t<div class=\"elementor-element elementor-element-988255d e-flex e-con-boxed e-con e-parent\" data-id=\"988255d\" data-element_type=\"container\" data-e-type=\"container\" data-settings=\"{&quot;_ob_use_container_extras&quot;:&quot;no&quot;,&quot;_ob_column_hoveranimator&quot;:&quot;no&quot;,&quot;_ob_glider_is_slider&quot;:&quot;no&quot;,&quot;_ob_column_has_pseudo&quot;:&quot;no&quot;}\">\n\t\t\t\t\t<div class=\"e-con-inner\">\n\t\t\t\t<div class=\"elementor-element elementor-element-a7b5204 ob-harakiri-inherit ob-has-background-overlay elementor-widget elementor-widget-heading\" data-id=\"a7b5204\" data-element_type=\"widget\" data-e-type=\"widget\" data-settings=\"{&quot;_ob_use_harakiri&quot;:&quot;yes&quot;,&quot;_ob_harakiri_writing_mode&quot;:&quot;inherit&quot;,&quot;_ob_harakiri_text_clip&quot;:&quot;none&quot;,&quot;_ob_widget_stalker_use&quot;:&quot;no&quot;,&quot;_ob_poopart_use&quot;:&quot;yes&quot;,&quot;_ob_shadough_use&quot;:&quot;no&quot;,&quot;_ob_allow_hoveranimator&quot;:&quot;no&quot;}\" data-widget_type=\"heading.default\">\n\t\t\t\t<div class=\"elementor-widget-container\">\n\t\t\t\t\t<h2 class=\"elementor-heading-title elementor-size-default\">Privacy Policy<\/h2>\t\t\t\t<\/div>\n\t\t\t\t<\/div>\n\t\t\t\t<div class=\"elementor-element elementor-element-05a4586 ob-harakiri-inherit ob-has-background-overlay elementor-widget elementor-widget-heading\" data-id=\"05a4586\" data-element_type=\"widget\" data-e-type=\"widget\" data-settings=\"{&quot;_ob_use_harakiri&quot;:&quot;yes&quot;,&quot;_ob_harakiri_writing_mode&quot;:&quot;inherit&quot;,&quot;_ob_harakiri_text_clip&quot;:&quot;none&quot;,&quot;_ob_widget_stalker_use&quot;:&quot;no&quot;,&quot;_ob_poopart_use&quot;:&quot;yes&quot;,&quot;_ob_shadough_use&quot;:&quot;no&quot;,&quot;_ob_allow_hoveranimator&quot;:&quot;no&quot;}\" data-widget_type=\"heading.default\">\n\t\t\t\t<div class=\"elementor-widget-container\">\n\t\t\t\t\t<h2 class=\"elementor-heading-title elementor-size-default\">PV Eurosolution in qualit\u00e0 di Titolare del trattamento, ti informa che i dati personali comunicati nel presente modulo sono trattati per consentire ad PV Eurosolution il ricontatto e fornire le informazioni richieste. Il rilascio dei dati \u00e8 facoltativo ma \u00e8 presupposto indispensabile ai fini del ricontatto. Per il perseguimento della finalit\u00e0 sopra indicata, i dati potranno essere comunicati a societ\u00e0 del Gruppo Sonoenergia, nonch\u00e9 a terzi fornitori di servizi, che li tratteranno in qualit\u00e0 di Titolari autonomi o di Responsabili del trattamento appositamente nominati e potranno, inoltre, essere comunicati a soggetti, preposti alla gestione di alcune attivit\u00e0, che verranno allo scopo nominati Persone Autorizzate al trattamento. I dati personali saranno conservati per il tempo necessario al perseguimento delle finalit\u00e0 per cui sono raccolti e comunque nel rispetto delle aspettative dell\u2019utente di essere ricontattato entro un periodo di tempo ragionevole decorrente dalla compilazione del modulo. Decorso tale tempo, i dati personali saranno cancellati in assenza di ulteriori finalit\u00e0 che ne giustifichino il trattamento.<br><br>\n\nAi fini dell'esercizio dei diritti di cui agli artt. 15-22 del Regolamento UE 679\/2016, \u00e8 possibile inviare una richiesta alla casella postale dedicata: privacy@pveurosolution.com\n<br><br>\n\nTitolare del trattamento dei dati \u00e8 PV Eurosolution S.r.l. con sede legale in Via Anfiteatro 10 - 37121 Verona, P.IVA 03990640231.\n\n<br><\/h2>\t\t\t\t<\/div>\n\t\t\t\t<\/div>\n\t\t\t\t\t<\/div>\n\t\t\t\t<\/div>\n\t\t\t\t<\/div>","protected":false},"excerpt":{"rendered":"<p>Privacy Policy PV Eurosolution in qualit\u00e0 di Titolare del trattamento, ti informa che i dati personali comunicati nel presente modulo sono trattati per consentire ad PV Eurosolution il ricontatto e fornire le informazioni richieste. Il rilascio dei dati \u00e8 facoltativo ma \u00e8 presupposto indispensabile ai fini del ricontatto. Per il perseguimento della finalit\u00e0 sopra indicata, [&hellip;]<\/p>\n","protected":false},"author":3235,"featured_media":0,"parent":0,"menu_order":0,"comment_status":"closed","ping_status":"closed","template":"","meta":{"_acf_changed":false,"footnotes":""},"class_list":["post-2819","page","type-page","status-publish","hentry"],"acf":[],"_links":{"self":[{"href":"https:\/\/pveurosolution.com\/eng\/wp-json\/wp\/v2\/pages\/2819","targetHints":{"allow":["GET"]}}],"collection":[{"href":"https:\/\/pveurosolution.com\/eng\/wp-json\/wp\/v2\/pages"}],"about":[{"href":"https:\/\/pveurosolution.com\/eng\/wp-json\/wp\/v2\/types\/page"}],"author":[{"embeddable":true,"href":"https:\/\/pveurosolution.com\/eng\/wp-json\/wp\/v2\/users\/3235"}],"replies":[{"embeddable":true,"href":"https:\/\/pveurosolution.com\/eng\/wp-json\/wp\/v2\/comments?post=2819"}],"version-history":[{"count":4,"href":"https:\/\/pveurosolution.com\/eng\/wp-json\/wp\/v2\/pages\/2819\/revisions"}],"predecessor-version":[{"id":2823,"href":"https:\/\/pveurosolution.com\/eng\/wp-json\/wp\/v2\/pages\/2819\/revisions\/2823"}],"wp:attachment":[{"href":"https:\/\/pveurosolution.com\/eng\/wp-json\/wp\/v2\/media?parent=2819"}],"curies":[{"name":"wp","href":"https:\/\/api.w.org\/{rel}","templated":true}]}}